{"id":105,"date":"2020-06-24T07:16:32","date_gmt":"2020-06-24T05:16:32","guid":{"rendered":"https:\/\/jupiterx.artbees.net\/accountant\/?page_id=105"},"modified":"2023-06-12T15:57:42","modified_gmt":"2023-06-12T13:57:42","slug":"aktuality","status":"publish","type":"page","link":"https:\/\/namitech.com\/cs\/aktuality\/","title":{"rendered":"Aktuality"},"content":{"rendered":"\t\t<div data-elementor-type=\"wp-page\" data-elementor-id=\"105\" class=\"elementor elementor-105\">\n\t\t\t\t\t\t<section class=\"elementor-section elementor-top-section elementor-element elementor-element-cb73e6e elementor-section-boxed elementor-section-height-default elementor-section-height-default\" data-id=\"cb73e6e\" data-element_type=\"section\" data-e-type=\"section\" data-settings=\"{&quot;jet_parallax_layout_list&quot;:[{&quot;jet_parallax_layout_image&quot;:{&quot;url&quot;:&quot;&quot;,&quot;id&quot;:&quot;&quot;,&quot;size&quot;:&quot;&quot;},&quot;_id&quot;:&quot;bd17729&quot;,&quot;jet_parallax_layout_speed&quot;:{&quot;unit&quot;:&quot;%&quot;,&quot;size&quot;:&quot;50&quot;,&quot;sizes&quot;:[]},&quot;jet_parallax_layout_bg_x&quot;:&quot;50&quot;,&quot;jet_parallax_layout_bg_y&quot;:&quot;50&quot;,&quot;jet_parallax_layout_image_tablet&quot;:{&quot;url&quot;:&quot;&quot;,&quot;id&quot;:&quot;&quot;,&quot;size&quot;:&quot;&quot;},&quot;jet_parallax_layout_image_mobile&quot;:{&quot;url&quot;:&quot;&quot;,&quot;id&quot;:&quot;&quot;,&quot;size&quot;:&quot;&quot;},&quot;jet_parallax_layout_type&quot;:&quot;scroll&quot;,&quot;jet_parallax_layout_direction&quot;:&quot;1&quot;,&quot;jet_parallax_layout_fx_direction&quot;:null,&quot;jet_parallax_layout_z_index&quot;:&quot;&quot;,&quot;jet_parallax_layout_bg_x_tablet&quot;:&quot;&quot;,&quot;jet_parallax_layout_bg_x_mobile&quot;:&quot;&quot;,&quot;jet_parallax_layout_bg_y_tablet&quot;:&quot;&quot;,&quot;jet_parallax_layout_bg_y_mobile&quot;:&quot;&quot;,&quot;jet_parallax_layout_bg_size&quot;:&quot;auto&quot;,&quot;jet_parallax_layout_bg_size_tablet&quot;:&quot;&quot;,&quot;jet_parallax_layout_bg_size_mobile&quot;:&quot;&quot;,&quot;jet_parallax_layout_animation_prop&quot;:&quot;transform&quot;,&quot;jet_parallax_layout_on&quot;:[&quot;desktop&quot;,&quot;tablet&quot;]}],&quot;background_background&quot;:&quot;classic&quot;}\">\n\t\t\t\t\t\t\t<div class=\"elementor-background-overlay\"><\/div>\n\t\t\t\t\t\t\t<div class=\"elementor-container elementor-column-gap-no\">\n\t\t\t\t\t<div class=\"elementor-column elementor-col-100 elementor-top-column elementor-element elementor-element-b58296d\" data-id=\"b58296d\" data-element_type=\"column\" data-e-type=\"column\">\n\t\t\t<div class=\"elementor-widget-wrap elementor-element-populated\">\n\t\t\t\t\t\t<div class=\"elementor-element elementor-element-4c52786 elementor-widget elementor-widget-heading\" data-id=\"4c52786\" data-element_type=\"widget\" data-e-type=\"widget\" data-widget_type=\"heading.default\">\n\t\t\t\t<div class=\"elementor-widget-container\">\n\t\t\t\t\t<h1 class=\"elementor-heading-title elementor-size-default\">Aktuality<\/h1>\t\t\t\t<\/div>\n\t\t\t\t<\/div>\n\t\t\t\t<div class=\"elementor-element elementor-element-03e199f elementor-widget elementor-widget-text-editor\" data-id=\"03e199f\" data-element_type=\"widget\" data-e-type=\"widget\" data-widget_type=\"text-editor.default\">\n\t\t\t\t<div class=\"elementor-widget-container\">\n\t\t\t\t\t\t\t\t\tP\u0159in\u00e1\u0161\u00edme v\u00e1m aktu\u00e1ln\u00ed informace z\u00a0d\u011bn\u00ed v\u00a0Namitechu, o posunech ve fyzik\u00e1ln\u00ed\u00a0teorii, o\n\u00fasp\u011b\u0161n\u00fdch i ne\u00fasp\u011b\u0161n\u00fdch experimentech v laborato\u0159i i o realizaci\u00a0konkr\u00e9tn\u00edch aplikac\u00edch\nv\u00a0praxi. D\u011bkujeme za va\u0161i pozornost a sd\u00edlen\u00ed!\t\t\t\t\t\t\t\t<\/div>\n\t\t\t\t<\/div>\n\t\t\t\t\t<\/div>\n\t\t<\/div>\n\t\t\t\t\t<\/div>\n\t\t<\/section>\n\t\t\t\t<section class=\"elementor-section elementor-top-section elementor-element elementor-element-9013b46 elementor-section-boxed elementor-section-height-default elementor-section-height-default\" data-id=\"9013b46\" data-element_type=\"section\" data-e-type=\"section\" data-settings=\"{&quot;jet_parallax_layout_list&quot;:[{&quot;jet_parallax_layout_image&quot;:{&quot;url&quot;:&quot;&quot;,&quot;id&quot;:&quot;&quot;,&quot;size&quot;:&quot;&quot;},&quot;_id&quot;:&quot;7ef725d&quot;,&quot;jet_parallax_layout_speed&quot;:{&quot;unit&quot;:&quot;%&quot;,&quot;size&quot;:&quot;50&quot;,&quot;sizes&quot;:[]},&quot;jet_parallax_layout_bg_x&quot;:&quot;50&quot;,&quot;jet_parallax_layout_bg_y&quot;:&quot;50&quot;,&quot;jet_parallax_layout_image_tablet&quot;:{&quot;url&quot;:&quot;&quot;,&quot;id&quot;:&quot;&quot;,&quot;size&quot;:&quot;&quot;},&quot;jet_parallax_layout_image_mobile&quot;:{&quot;url&quot;:&quot;&quot;,&quot;id&quot;:&quot;&quot;,&quot;size&quot;:&quot;&quot;},&quot;jet_parallax_layout_type&quot;:&quot;scroll&quot;,&quot;jet_parallax_layout_direction&quot;:&quot;1&quot;,&quot;jet_parallax_layout_fx_direction&quot;:null,&quot;jet_parallax_layout_z_index&quot;:&quot;&quot;,&quot;jet_parallax_layout_bg_x_tablet&quot;:&quot;&quot;,&quot;jet_parallax_layout_bg_x_mobile&quot;:&quot;&quot;,&quot;jet_parallax_layout_bg_y_tablet&quot;:&quot;&quot;,&quot;jet_parallax_layout_bg_y_mobile&quot;:&quot;&quot;,&quot;jet_parallax_layout_bg_size&quot;:&quot;auto&quot;,&quot;jet_parallax_layout_bg_size_tablet&quot;:&quot;&quot;,&quot;jet_parallax_layout_bg_size_mobile&quot;:&quot;&quot;,&quot;jet_parallax_layout_animation_prop&quot;:&quot;transform&quot;,&quot;jet_parallax_layout_on&quot;:[&quot;desktop&quot;,&quot;tablet&quot;]}],&quot;background_background&quot;:&quot;classic&quot;}\">\n\t\t\t\t\t\t<div class=\"elementor-container elementor-column-gap-no\">\n\t\t\t\t\t<div class=\"elementor-column elementor-col-100 elementor-top-column elementor-element elementor-element-e5d56c1\" data-id=\"e5d56c1\" data-element_type=\"column\" data-e-type=\"column\">\n\t\t\t<div class=\"elementor-widget-wrap elementor-element-populated\">\n\t\t\t\t\t\t<div class=\"elementor-element elementor-element-5445ce6 raven-hover-scale-up elementor-widget elementor-widget-raven-posts\" data-id=\"5445ce6\" data-element_type=\"widget\" data-e-type=\"widget\" data-settings=\"{&quot;query_posts_per_page&quot;:9,&quot;_skin&quot;:&quot;classic&quot;,&quot;classic_layout&quot;:&quot;grid&quot;,&quot;classic_columns&quot;:&quot;3&quot;,&quot;classic_columns_tablet&quot;:&quot;2&quot;,&quot;classic_columns_mobile&quot;:&quot;1&quot;,&quot;query_offset&quot;:0}\" data-widget_type=\"raven-posts.classic\">\n\t\t\t\t<div class=\"elementor-widget-container\">\n\t\t\t\t\t\t\t<div class=\"raven-posts raven-grid raven-grid-3 raven-grid-tablet-2 raven-grid-mobile-1\" data-post-id=\"105\" data-archive-query=\"\" data-lang=\"\">\n\t\t\t\t<div class=\"raven-grid-item raven-post-item post-2272 post type-post status-publish format-standard has-post-thumbnail hentry category-uncategorized-cs tag-branding tag-business tag-photography\">\n\t\t\t<div class=\"raven-post\">\n\t\t\t\t\t\t<div class=\"raven-post-image-wrap\">\n\t\t\t<a class=\"raven-post-image raven-image-fit\" href=\"https:\/\/namitech.com\/cs\/spoustime-seriovou-vyrobu-topnych-panelu-namiwell-2\/\"><img fetchpriority=\"high\" decoding=\"async\" width=\"819\" height=\"1024\" src=\"https:\/\/namitech.com\/wp-content\/uploads\/2024\/09\/namiwell_production_1-819x1024.jpg\" class=\"attachment-large size-large wp-image-2242\" alt=\"\" srcset=\"https:\/\/namitech.com\/wp-content\/uploads\/2024\/09\/namiwell_production_1-819x1024.jpg 819w, https:\/\/namitech.com\/wp-content\/uploads\/2024\/09\/namiwell_production_1-240x300.jpg 240w, https:\/\/namitech.com\/wp-content\/uploads\/2024\/09\/namiwell_production_1-768x960.jpg 768w, https:\/\/namitech.com\/wp-content\/uploads\/2024\/09\/namiwell_production_1.jpg 1080w\" sizes=\"(max-width: 819px) 100vw, 819px\" \/> <span class=\"raven-post-image-overlay\"><\/span><\/a>\t\t<\/div>\n\t\t\t\t\t\t<div class=\"raven-post-content\">\n\t\t\t\t\t<h3 class=\"raven-post-title\"><a class=\"raven-post-title-link\" href=\"https:\/\/namitech.com\/cs\/spoustime-seriovou-vyrobu-topnych-panelu-namiwell-2\/\">Spou\u0161t\u00edme s\u00e9riovou v\u00fdrobu topn\u00fdch panel\u016f namiwell<\/a><\/h3><div class=\"raven-post-excerpt\">Nov\u00e1 \u00e9ra v topn\u00fdch syst\u00e9mech za\u010d\u00edn\u00e1! Po 10 letech zku\u0161enost\u00ed s v\u00fdvojem a instalac\u00ed topn\u00fdch panel\u016f p\u0159ich\u00e1z\u00edme s revolu\u010dn\u00edm krokem. Namitech, kter\u00fd doposud<\/div>\t\t<div class=\"raven-post-read-more\">\n\t\t\t<a class=\"raven-post-button\" href=\"https:\/\/namitech.com\/cs\/spoustime-seriovou-vyrobu-topnych-panelu-namiwell-2\/\"><span class=\"raven-post-button-text\">P\u0159e\u010d\u00edst<\/span><\/a>\n\t\t<\/div>\n\t\t\t\t\t\t<\/div>\n\t\t\t<\/div>\n\t\t<\/div>\n\t\t\t\t<div class=\"raven-grid-item raven-post-item post-2241 post type-post status-publish format-standard has-post-thumbnail hentry category-uncategorized-cs tag-branding tag-business tag-photography\">\n\t\t\t<div class=\"raven-post\">\n\t\t\t\t\t\t<div class=\"raven-post-image-wrap\">\n\t\t\t<a class=\"raven-post-image raven-image-fit\" href=\"https:\/\/namitech.com\/cs\/spoustime-seriovou-vyrobu-topnych-panelu-namiwell\/\"><img decoding=\"async\" width=\"819\" height=\"1024\" src=\"https:\/\/namitech.com\/wp-content\/uploads\/2024\/09\/SustainableFuture2024_1-819x1024.jpg\" class=\"attachment-large size-large wp-image-2261\" alt=\"\" srcset=\"https:\/\/namitech.com\/wp-content\/uploads\/2024\/09\/SustainableFuture2024_1-819x1024.jpg 819w, https:\/\/namitech.com\/wp-content\/uploads\/2024\/09\/SustainableFuture2024_1-240x300.jpg 240w, https:\/\/namitech.com\/wp-content\/uploads\/2024\/09\/SustainableFuture2024_1-768x960.jpg 768w, https:\/\/namitech.com\/wp-content\/uploads\/2024\/09\/SustainableFuture2024_1.jpg 1080w\" sizes=\"(max-width: 819px) 100vw, 819px\" \/> <span class=\"raven-post-image-overlay\"><\/span><\/a>\t\t<\/div>\n\t\t\t\t\t\t<div class=\"raven-post-content\">\n\t\t\t\t\t<h3 class=\"raven-post-title\"><a class=\"raven-post-title-link\" href=\"https:\/\/namitech.com\/cs\/spoustime-seriovou-vyrobu-topnych-panelu-namiwell\/\">Nastavujeme trendy v udr\u017eiteln\u00e9m vyt\u00e1p\u011bn\u00ed<\/a><\/h3><div class=\"raven-post-excerpt\">V roce 2024 jsme se jako namiwell aktivn\u011b zapojili do dvou v\u00fdznamn\u00fdch akc\u00ed na podporu udr\u017eitelnosti, kde jsme p\u0159edstavili na\u0161e inovativn\u00ed technologie a<\/div>\t\t<div class=\"raven-post-read-more\">\n\t\t\t<a class=\"raven-post-button\" href=\"https:\/\/namitech.com\/cs\/spoustime-seriovou-vyrobu-topnych-panelu-namiwell\/\"><span class=\"raven-post-button-text\">P\u0159e\u010d\u00edst<\/span><\/a>\n\t\t<\/div>\n\t\t\t\t\t\t<\/div>\n\t\t\t<\/div>\n\t\t<\/div>\n\t\t\t\t<div class=\"raven-grid-item raven-post-item post-1999 post type-post status-publish format-standard has-post-thumbnail hentry category-uncategorized-cs tag-branding tag-business tag-photography\">\n\t\t\t<div class=\"raven-post\">\n\t\t\t\t\t\t<div class=\"raven-post-image-wrap\">\n\t\t\t<a class=\"raven-post-image raven-image-fit\" href=\"https:\/\/namitech.com\/cs\/petr-marek-v-komunite-kryon-prvnim-krokem-jsou-jen-uspory\/\"><img decoding=\"async\" width=\"1024\" height=\"988\" src=\"https:\/\/namitech.com\/wp-content\/uploads\/2024\/01\/Lee_Carroll-2-1024x988.png\" class=\"attachment-large size-large wp-image-1994\" alt=\"\" srcset=\"https:\/\/namitech.com\/wp-content\/uploads\/2024\/01\/Lee_Carroll-2-1024x988.png 1024w, https:\/\/namitech.com\/wp-content\/uploads\/2024\/01\/Lee_Carroll-2-300x290.png 300w, https:\/\/namitech.com\/wp-content\/uploads\/2024\/01\/Lee_Carroll-2-768x741.png 768w, https:\/\/namitech.com\/wp-content\/uploads\/2024\/01\/Lee_Carroll-2-1536x1483.png 1536w, https:\/\/namitech.com\/wp-content\/uploads\/2024\/01\/Lee_Carroll-2.png 1671w\" sizes=\"(max-width: 1024px) 100vw, 1024px\" \/> <span class=\"raven-post-image-overlay\"><\/span><\/a>\t\t<\/div>\n\t\t\t\t\t\t<div class=\"raven-post-content\">\n\t\t\t\t\t<h3 class=\"raven-post-title\"><a class=\"raven-post-title-link\" href=\"https:\/\/namitech.com\/cs\/petr-marek-v-komunite-kryon-prvnim-krokem-jsou-jen-uspory\/\">Petr Marek p\u0159edstavuje namitech v glob\u00e1ln\u00ed komunit\u011b: &#8222;Prvn\u00edm krokem jsou jen \u00faspory.&#8220;<\/a><\/h3><div class=\"raven-post-excerpt\">Mnoz\u00ed z n\u00e1s si uv\u011bdomuj\u00ed, \u017ee zp\u016fsoby vyt\u00e1p\u011bn\u00ed na\u0161ich domov\u016f a firem jsou neefektivn\u00ed \u2013 jak\u00e1 je tedy odpov\u011b\u010f? Petr Marek sd\u00edl\u00ed p\u0159\u00edb\u011bh<\/div>\t\t<div class=\"raven-post-read-more\">\n\t\t\t<a class=\"raven-post-button\" href=\"https:\/\/namitech.com\/cs\/petr-marek-v-komunite-kryon-prvnim-krokem-jsou-jen-uspory\/\"><span class=\"raven-post-button-text\">P\u0159e\u010d\u00edst<\/span><\/a>\n\t\t<\/div>\n\t\t\t\t\t\t<\/div>\n\t\t\t<\/div>\n\t\t<\/div>\n\t\t\t\t<div class=\"raven-grid-item raven-post-item post-1996 post type-post status-publish format-standard has-post-thumbnail hentry category-uncategorized-cs tag-branding tag-business tag-photography\">\n\t\t\t<div class=\"raven-post\">\n\t\t\t\t\t\t<div class=\"raven-post-image-wrap\">\n\t\t\t<a class=\"raven-post-image raven-image-fit\" href=\"https:\/\/namitech.com\/cs\/namiwell-predstavujeme-novou-znacku-topnych-panelu\/\"><img loading=\"lazy\" decoding=\"async\" width=\"927\" height=\"1000\" src=\"https:\/\/namitech.com\/wp-content\/uploads\/2024\/01\/namiwell-1.png\" class=\"attachment-large size-large wp-image-2061\" alt=\"\" srcset=\"https:\/\/namitech.com\/wp-content\/uploads\/2024\/01\/namiwell-1.png 927w, https:\/\/namitech.com\/wp-content\/uploads\/2024\/01\/namiwell-1-278x300.png 278w, https:\/\/namitech.com\/wp-content\/uploads\/2024\/01\/namiwell-1-768x828.png 768w\" sizes=\"(max-width: 927px) 100vw, 927px\" \/> <span class=\"raven-post-image-overlay\"><\/span><\/a>\t\t<\/div>\n\t\t\t\t\t\t<div class=\"raven-post-content\">\n\t\t\t\t\t<h3 class=\"raven-post-title\"><a class=\"raven-post-title-link\" href=\"https:\/\/namitech.com\/cs\/namiwell-predstavujeme-novou-znacku-topnych-panelu\/\">NAMIWELL, p\u0159edstavujeme novou zna\u010dku topn\u00fdch panel\u016f<\/a><\/h3><div class=\"raven-post-excerpt\">Vyu\u017eit\u00ed topn\u00fdch infrapanel\u016f NAMIWELL pro vyt\u00e1p\u011bn\u00ed dom\u00e1cnost\u00ed i komer\u010dn\u00edch prostor je \u00fa\u010dinn\u011bj\u0161\u00ed alternativou oproti plynov\u00e9ho vyt\u00e1p\u011bn\u00ed nebo i tepeln\u00fdm \u010derpadl\u016fm. Infrapanely tak\u00e9 vysu\u0161uj\u00ed,<\/div>\t\t<div class=\"raven-post-read-more\">\n\t\t\t<a class=\"raven-post-button\" href=\"https:\/\/namitech.com\/cs\/namiwell-predstavujeme-novou-znacku-topnych-panelu\/\"><span class=\"raven-post-button-text\">P\u0159e\u010d\u00edst<\/span><\/a>\n\t\t<\/div>\n\t\t\t\t\t\t<\/div>\n\t\t\t<\/div>\n\t\t<\/div>\n\t\t\t\t<div class=\"raven-grid-item raven-post-item post-1936 post type-post status-publish format-standard has-post-thumbnail hentry category-uncategorized-cs tag-branding tag-business tag-photography\">\n\t\t\t<div class=\"raven-post\">\n\t\t\t\t\t\t<div class=\"raven-post-image-wrap\">\n\t\t\t<a class=\"raven-post-image raven-image-fit\" href=\"https:\/\/namitech.com\/cs\/podivejte-se-na-zaznam-konference-sem2023-za-hranice-standardni-teorie-elektromagnetismu\/\"><img loading=\"lazy\" decoding=\"async\" width=\"1024\" height=\"536\" src=\"https:\/\/namitech.com\/wp-content\/uploads\/2023\/10\/SEM2023_event_cover-1024x536.png\" class=\"attachment-large size-large wp-image-1930\" alt=\"\" srcset=\"https:\/\/namitech.com\/wp-content\/uploads\/2023\/10\/SEM2023_event_cover-1024x536.png 1024w, https:\/\/namitech.com\/wp-content\/uploads\/2023\/10\/SEM2023_event_cover-300x157.png 300w, https:\/\/namitech.com\/wp-content\/uploads\/2023\/10\/SEM2023_event_cover-768x402.png 768w, https:\/\/namitech.com\/wp-content\/uploads\/2023\/10\/SEM2023_event_cover-1536x804.png 1536w, https:\/\/namitech.com\/wp-content\/uploads\/2023\/10\/SEM2023_event_cover.png 1920w\" sizes=\"(max-width: 1024px) 100vw, 1024px\" \/> <span class=\"raven-post-image-overlay\"><\/span><\/a>\t\t<\/div>\n\t\t\t\t\t\t<div class=\"raven-post-content\">\n\t\t\t\t\t<h3 class=\"raven-post-title\"><a class=\"raven-post-title-link\" href=\"https:\/\/namitech.com\/cs\/podivejte-se-na-zaznam-konference-sem2023-za-hranice-standardni-teorie-elektromagnetismu\/\">Z\u00e1znam 2023 Konference: Za hranice standardn\u00ed teorie elektromagnetismu<\/a><\/h3><div class=\"raven-post-excerpt\">I d\u00edky v\u00e1m a va\u0161\u00ed podpo\u0159e byla konference SEM2023 \u00fasp\u011b\u0161n\u00e1. B\u011bhem cel\u00e9ho dne \u017eiv\u00e9ho vys\u00edl\u00e1n\u00ed prob\u011bhlo 5 prezentac\u00ed od na\u0161ich p\u0159\u00e1tel, akademik\u016f, v\u011bdc\u016f<\/div>\t\t<div class=\"raven-post-read-more\">\n\t\t\t<a class=\"raven-post-button\" href=\"https:\/\/namitech.com\/cs\/podivejte-se-na-zaznam-konference-sem2023-za-hranice-standardni-teorie-elektromagnetismu\/\"><span class=\"raven-post-button-text\">P\u0159e\u010d\u00edst<\/span><\/a>\n\t\t<\/div>\n\t\t\t\t\t\t<\/div>\n\t\t\t<\/div>\n\t\t<\/div>\n\t\t\t\t<div class=\"raven-grid-item raven-post-item post-1525 post type-post status-publish format-standard has-post-thumbnail hentry category-uncategorized-cs tag-branding tag-business tag-photography\">\n\t\t\t<div class=\"raven-post\">\n\t\t\t\t\t\t<div class=\"raven-post-image-wrap\">\n\t\t\t<a class=\"raven-post-image raven-image-fit\" href=\"https:\/\/namitech.com\/cs\/spolecnost-nami-tech-predstavuje-dalyn-technology\/\"><img loading=\"lazy\" decoding=\"async\" width=\"1024\" height=\"1024\" src=\"https:\/\/namitech.com\/wp-content\/uploads\/2023\/05\/30-1-1024x1024.png\" class=\"attachment-large size-large wp-image-1468\" alt=\"\" srcset=\"https:\/\/namitech.com\/wp-content\/uploads\/2023\/05\/30-1-1024x1024.png 1024w, https:\/\/namitech.com\/wp-content\/uploads\/2023\/05\/30-1-300x300.png 300w, https:\/\/namitech.com\/wp-content\/uploads\/2023\/05\/30-1-150x150.png 150w, https:\/\/namitech.com\/wp-content\/uploads\/2023\/05\/30-1-768x768.png 768w, https:\/\/namitech.com\/wp-content\/uploads\/2023\/05\/30-1-500x500.png 500w, https:\/\/namitech.com\/wp-content\/uploads\/2023\/05\/30-1.png 1080w\" sizes=\"(max-width: 1024px) 100vw, 1024px\" \/> <span class=\"raven-post-image-overlay\"><\/span><\/a>\t\t<\/div>\n\t\t\t\t\t\t<div class=\"raven-post-content\">\n\t\t\t\t\t<h3 class=\"raven-post-title\"><a class=\"raven-post-title-link\" href=\"https:\/\/namitech.com\/cs\/spolecnost-nami-tech-predstavuje-dalyn-technology\/\">Spole\u010dnost namitech p\u0159edstavuje DALYN Technology<\/a><\/h3><div class=\"raven-post-excerpt\">P\u0159edstavujeme technologii \u00faspory energie pro elektrick\u00e1 topn\u00e1 za\u0159\u00edzen\u00ed. N\u00e1\u0161 obchodn\u00ed p\u0159\u00edstup spo\u010d\u00edv\u00e1 v implementaci DALYN Technology do nov\u00fdch v\u00fdrobk\u016f ve spolupr\u00e1ci s inovativn\u00edmi<\/div>\t\t<div class=\"raven-post-read-more\">\n\t\t\t<a class=\"raven-post-button\" href=\"https:\/\/namitech.com\/cs\/spolecnost-nami-tech-predstavuje-dalyn-technology\/\"><span class=\"raven-post-button-text\">P\u0159e\u010d\u00edst<\/span><\/a>\n\t\t<\/div>\n\t\t\t\t\t\t<\/div>\n\t\t\t<\/div>\n\t\t<\/div>\n\t\t\t\t<\/div>\n\t\t\t\t\t\t<\/div>\n\t\t\t\t<\/div>\n\t\t\t\t\t<\/div>\n\t\t<\/div>\n\t\t\t\t\t<\/div>\n\t\t<\/section>\n\t\t\t\t<\/div>\n\t\t","protected":false},"excerpt":{"rendered":"<p>Aktuality P\u0159in\u00e1\u0161\u00edme v\u00e1m aktu\u00e1ln\u00ed informace z&nbsp;d\u011bn\u00ed v&nbsp;Namitechu, o posunech ve fyzik\u00e1ln\u00ed&nbsp;teorii, o \u00fasp\u011b\u0161n\u00fdch i ne\u00fasp\u011b\u0161n\u00fdch experimentech v laborato\u0159i i o realizaci&nbsp;konkr\u00e9tn\u00edch aplikac\u00edch v&nbsp;praxi. D\u011bkujeme za va\u0161i pozornost a sd\u00edlen\u00ed! P\u0159ipravujeme mezin\u00e1rodn\u00ed konferenci SEM2023 Pro\u010d st\u00e1le nar\u016fst\u00e1 pocit, \u017ee vliv dne\u0161n\u00ed teoretick\u00e9 fyziky na na\u0161e re\u00e1ln\u00e9 \u017eivoty miz\u00ed? Je to proto, \u017ee u\u017e bylo objeveno v\u0161e, [&hellip;]<\/p>\n","protected":false},"author":1,"featured_media":0,"parent":0,"menu_order":0,"comment_status":"closed","ping_status":"closed","template":"full-width.php","meta":{"_acf_changed":false,"footnotes":""},"class_list":["post-105","page","type-page","status-publish","hentry"],"acf":[],"_links":{"self":[{"href":"https:\/\/namitech.com\/cs\/wp-json\/wp\/v2\/pages\/105","targetHints":{"allow":["GET"]}}],"collection":[{"href":"https:\/\/namitech.com\/cs\/wp-json\/wp\/v2\/pages"}],"about":[{"href":"https:\/\/namitech.com\/cs\/wp-json\/wp\/v2\/types\/page"}],"author":[{"embeddable":true,"href":"https:\/\/namitech.com\/cs\/wp-json\/wp\/v2\/users\/1"}],"replies":[{"embeddable":true,"href":"https:\/\/namitech.com\/cs\/wp-json\/wp\/v2\/comments?post=105"}],"version-history":[{"count":1,"href":"https:\/\/namitech.com\/cs\/wp-json\/wp\/v2\/pages\/105\/revisions"}],"predecessor-version":[{"id":1761,"href":"https:\/\/namitech.com\/cs\/wp-json\/wp\/v2\/pages\/105\/revisions\/1761"}],"wp:attachment":[{"href":"https:\/\/namitech.com\/cs\/wp-json\/wp\/v2\/media?parent=105"}],"curies":[{"name":"wp","href":"https:\/\/api.w.org\/{rel}","templated":true}]}}